{"id":19,"date":"2022-05-28T07:25:47","date_gmt":"2022-05-28T07:25:47","guid":{"rendered":"https:\/\/vantagens.sitese.pt\/?page_id=19"},"modified":"2022-05-28T07:25:47","modified_gmt":"2022-05-28T07:25:47","slug":"quais-as-vantagens","status":"publish","type":"page","link":"https:\/\/vantagens.sitese.pt\/?page_id=19","title":{"rendered":"Quais as vantagens?"},"content":{"rendered":"\n<p><strong>Estando associado ao SITESE tem a possbilidade de usufruir de v\u00e1rios benef\u00edcios sociais tais como:<\/strong><\/p>\n\n\n\n<p>Descontos em diversos estabelecimentos comerciais;<br>Descontos em Servi\u00e7os de sa\u00fade;<br>Cr\u00e9ditos Banc\u00e1rios mais favor\u00e1veis;\u00a0<br>Seguros a pre\u00e7os mais acess\u00edveis;<br>Oferta de variad\u00edssimos destinos de f\u00e9rias<\/p>\n","protected":false},"excerpt":{"rendered":"<p>Estando associado ao SITESE tem a possbilidade de usufruir de v\u00e1rios benef\u00edcios sociais tais como: Descontos em diversos estabelecimentos comerciais;Descontos em Servi\u00e7os de sa\u00fade;Cr\u00e9ditos Banc\u00e1rios mais favor\u00e1veis;\u00a0Seguros a pre\u00e7os mais acess\u00edveis;Oferta de variad\u00edssimos destinos de f\u00e9rias<\/p>\n<p> <a class=\"continue-reading-link\" href=\"https:\/\/vantagens.sitese.pt\/?page_id=19\"><span>Ver Mais<\/span><i class=\"crycon-right-dir\"><\/i><\/a> <\/p>\n","protected":false},"author":1,"featured_media":0,"parent":0,"menu_order":0,"comment_status":"closed","ping_status":"closed","template":"","meta":{"footnotes":""},"class_list":["post-19","page","type-page","status-publish","hentry"],"_links":{"self":[{"href":"https:\/\/vantagens.sitese.pt\/index.php?rest_route=\/wp\/v2\/pages\/19","targetHints":{"allow":["GET"]}}],"collection":[{"href":"https:\/\/vantagens.sitese.pt\/index.php?rest_route=\/wp\/v2\/pages"}],"about":[{"href":"https:\/\/vantagens.sitese.pt\/index.php?rest_route=\/wp\/v2\/types\/page"}],"author":[{"embeddable":true,"href":"https:\/\/vantagens.sitese.pt\/index.php?rest_route=\/wp\/v2\/users\/1"}],"replies":[{"embeddable":true,"href":"https:\/\/vantagens.sitese.pt\/index.php?rest_route=%2Fwp%2Fv2%2Fcomments&post=19"}],"version-history":[{"count":1,"href":"https:\/\/vantagens.sitese.pt\/index.php?rest_route=\/wp\/v2\/pages\/19\/revisions"}],"predecessor-version":[{"id":20,"href":"https:\/\/vantagens.sitese.pt\/index.php?rest_route=\/wp\/v2\/pages\/19\/revisions\/20"}],"wp:attachment":[{"href":"https:\/\/vantagens.sitese.pt\/index.php?rest_route=%2Fwp%2Fv2%2Fmedia&parent=19"}],"curies":[{"name":"wp","href":"https:\/\/api.w.org\/{rel}","templated":true}]}}